{"id":5284,"date":"2015-07-28T20:21:52","date_gmt":"2015-07-28T20:21:52","guid":{"rendered":"https:\/\/themenectar.com\/demo\/salient-agency\/?page_id=5284"},"modified":"2023-10-18T18:33:13","modified_gmt":"2023-10-18T18:33:13","slug":"about-us","status":"publish","type":"page","link":"https:\/\/nbbhukuk.com\/en\/about-us\/","title":{"rendered":"About Us"},"content":{"rendered":"[vc_row type=&#8221;full_width_content&#8221; full_screen_row_position=&#8221;middle&#8221; column_margin=&#8221;default&#8221; column_direction=&#8221;default&#8221; column_direction_tablet=&#8221;default&#8221; column_direction_phone=&#8221;default&#8221; bg_color=&#8221;#010968&#8243; video_bg=&#8221;use_video&#8221; video_mp4=&#8221;https:\/\/nbbhukuk.com\/en\/wp-content\/uploads\/2023\/09\/about.mp4&#8243; background_video_loading=&#8221;default&#8221; scene_position=&#8221;top&#8221; layer_one_image=&#8221;5370&#8243; layer_one_strength=&#8221;0.3&#8243; layer_two_image=&#8221;5373&#8243; layer_two_strength=&#8221;0.4&#8243; top_padding=&#8221;17%&#8221; bottom_padding=&#8221;17%&#8221; text_color=&#8221;light&#8221; text_align=&#8221;left&#8221; row_border_radius=&#8221;none&#8221; row_border_radius_applies=&#8221;bg&#8221; overflow=&#8221;visible&#8221; overlay_strength=&#8221;0.3&#8243; gradient_direction=&#8221;left_to_right&#8221; shape_divider_position=&#8221;bottom&#8221; bg_image_animation=&#8221;none&#8221; gradient_type=&#8221;default&#8221; shape_type=&#8221;mountains&#8221;][vc_column column_padding=&#8221;no-extra-padding&#8221; column_padding_tablet=&#8221;inherit&#8221; column_padding_phone=&#8221;inherit&#8221; column_padding_position=&#8221;all&#8221; column_element_direction_desktop=&#8221;default&#8221; column_element_spacing=&#8221;default&#8221; desktop_text_alignment=&#8221;default&#8221; tablet_text_alignment=&#8221;default&#8221; phone_text_alignment=&#8221;default&#8221; background_color_opacity=&#8221;1&#8243; background_hover_color_opacity=&#8221;1&#8243; column_backdrop_filter=&#8221;none&#8221; column_shadow=&#8221;none&#8221; column_border_radius=&#8221;none&#8221; column_link_target=&#8221;_self&#8221; column_position=&#8221;default&#8221; gradient_direction=&#8221;left_to_right&#8221; overlay_strength=&#8221;0.3&#8243; width=&#8221;1\/1&#8243; tablet_width_inherit=&#8221;default&#8221; animation_type=&#8221;default&#8221; bg_image_animation=&#8221;none&#8221; border_type=&#8221;simple&#8221; column_border_width=&#8221;none&#8221; column_border_style=&#8221;solid&#8221;][vc_column_text]\n<h1 style=\"text-align: center;\">About Us<\/h1>\n[\/vc_column_text][\/vc_column][\/vc_row][vc_row type=&#8221;full_width_content&#8221; full_screen_row_position=&#8221;middle&#8221; column_margin=&#8221;default&#8221; column_direction=&#8221;default&#8221; column_direction_tablet=&#8221;default&#8221; column_direction_phone=&#8221;default&#8221; bg_color=&#8221;#a65bf4&#8243; scene_position=&#8221;center&#8221; text_color=&#8221;light&#8221; text_align=&#8221;left&#8221; row_border_radius=&#8221;none&#8221; row_border_radius_applies=&#8221;bg&#8221; overflow=&#8221;visible&#8221; overlay_strength=&#8221;0.3&#8243; gradient_direction=&#8221;left_to_right&#8221; shape_divider_position=&#8221;bottom&#8221; bg_image_animation=&#8221;none&#8221; parallax_bg=&#8221;true&#8221; parallax_bg_speed=&#8221;fast&#8221;][vc_column column_padding=&#8221;padding-7-percent&#8221; column_padding_tablet=&#8221;inherit&#8221; column_padding_phone=&#8221;inherit&#8221; column_padding_position=&#8221;all&#8221; column_element_direction_desktop=&#8221;default&#8221; column_element_spacing=&#8221;default&#8221; desktop_text_alignment=&#8221;default&#8221; tablet_text_alignment=&#8221;default&#8221; phone_text_alignment=&#8221;default&#8221; background_color=&#8221;#ffffff&#8221; background_color_opacity=&#8221;1&#8243; background_hover_color_opacity=&#8221;1&#8243; column_backdrop_filter=&#8221;none&#8221; column_shadow=&#8221;none&#8221; column_border_radius=&#8221;none&#8221; column_link_target=&#8221;_self&#8221; column_position=&#8221;default&#8221; gradient_direction=&#8221;left_to_right&#8221; overlay_strength=&#8221;0.3&#8243; width=&#8221;1\/1&#8243; tablet_width_inherit=&#8221;default&#8221; animation_type=&#8221;default&#8221; bg_image_animation=&#8221;none&#8221; border_type=&#8221;simple&#8221; column_border_width=&#8221;none&#8221; column_border_style=&#8221;solid&#8221; column_padding_type=&#8221;default&#8221; gradient_type=&#8221;default&#8221;][vc_row_inner column_margin=&#8221;default&#8221; column_direction=&#8221;default&#8221; column_direction_tablet=&#8221;default&#8221; column_direction_phone=&#8221;default&#8221; text_align=&#8221;left&#8221; row_position=&#8221;default&#8221; row_position_tablet=&#8221;inherit&#8221; row_position_phone=&#8221;inherit&#8221; overflow=&#8221;visible&#8221; pointer_events=&#8221;all&#8221;][vc_column_inner column_padding=&#8221;no-extra-padding&#8221; column_padding_tablet=&#8221;inherit&#8221; column_padding_phone=&#8221;inherit&#8221; column_padding_position=&#8221;all&#8221; column_element_direction_desktop=&#8221;default&#8221; column_element_spacing=&#8221;default&#8221; desktop_text_alignment=&#8221;default&#8221; tablet_text_alignment=&#8221;default&#8221; phone_text_alignment=&#8221;default&#8221; background_color_opacity=&#8221;1&#8243; background_hover_color_opacity=&#8221;1&#8243; column_backdrop_filter=&#8221;none&#8221; column_shadow=&#8221;none&#8221; column_border_radius=&#8221;none&#8221; column_link_target=&#8221;_self&#8221; overflow=&#8221;visible&#8221; gradient_direction=&#8221;left_to_right&#8221; overlay_strength=&#8221;0.3&#8243; width=&#8221;1\/1&#8243; tablet_width_inherit=&#8221;default&#8221; animation_type=&#8221;default&#8221; enable_animation=&#8221;true&#8221; animation=&#8221;fade-in&#8221; animation_easing=&#8221;default&#8221; bg_image_animation=&#8221;none&#8221; border_type=&#8221;simple&#8221; column_border_width=&#8221;none&#8221; column_border_style=&#8221;solid&#8221;][vc_column_text]\n<h5><i>Magic Has A Formula<\/i><\/h5>\n[\/vc_column_text][divider line_type=&#8221;No Line&#8221; custom_height=&#8221;10&#8243;][vc_column_text]\n<h2><span style=\"color: #000000;\">About Us<\/span><\/h2>\n[\/vc_column_text][divider line_type=&#8221;No Line&#8221; custom_height=&#8221;30&#8243;][vc_column_text]\n<p class=\"p1\"><span style=\"color: #000000;\">NBB Law Founders have been providing legal solutions to their clients for over 25 years. One of our founders, Av. Nimet Ba\u015f, served as a Member of Parliament and held positions in the State Ministry and the Ministry of National Education for many years. After returning to the legal profession in 2016, she co-founded NBB Law Office with our other founder, Av. \u0130brahim Hakk\u0131 BOZAT.<\/span><\/p>\n<p class=\"p1\"><span style=\"color: #000000;\">We prioritize knowledge, expertise, experience, and teamwork in the services we provide to our clients. With our results-oriented approach, we take pride in assisting our clients in meeting their legal needs.<\/span><\/p>\n<p class=\"p1\"><span style=\"color: #000000;\">At NBB Law, our top priorities include focusing on our clients&#8217; legal needs, upholding the universal principles of law, and providing equal and fair legal representation to each client.<\/span><\/p>\n<p class=\"p1\"><span style=\"color: #000000;\">NBB Law offers a wide range of legal services, including Mining Law, Commercial Law, International Trade Law, Corporate Law, Mergers and Acquisitions, Capital Markets Law, Banking and Finance Law, Competition Law, Tax Law, Corporate Legal Consultancy, Energy and Infrastructure Law, Intellectual Property Law, Employment Law, Real Estate Law, Insurance Law, and Health Law.<\/span><\/p>\n<p class=\"p1\"><span style=\"color: #000000;\">Our expertise in Mining Law is one of our key practice areas. Av. Prof. Dr. \u00d6mer Ba\u011fc\u0131, who has conducted extensive academic research, published various articles, and authored books on Mining Law, manages NBB Law&#8217;s Mining Law department. For detailed information about our activities in Mining Law, please visit the &#8220;NBB LAW Mining&#8221; page on our website.<\/span><\/p>\n<p class=\"p1\"><span style=\"color: #000000;\">At NBB Law, working with attorneys who specialize in their respective fields is our top priority. We also seek guidance from expert academicians to understand our clients&#8217; problems accurately and generate solutions, striving to represent them in the best possible way.<\/span><\/p>\n<p class=\"p1\"><span style=\"color: #000000;\">When providing our legal services, we approach each legal issue with precision, place the utmost importance on respecting our clients&#8217; confidentiality, and consider our commitment to full compliance with ethical principles as a top priority.<\/span><\/p>\n<p class=\"p1\"><span style=\"color: #000000;\">NBB Law is committed to focusing on our clients&#8217; needs, responding to their questions, ensuring regular communication, and actively playing a role in resolving their legal issues.<\/span><\/p>\n<p class=\"p1\"><span style=\"color: #000000;\">We aim to excel in legal research and analysis, respect our clients&#8217; confidentiality, adhere strictly to ethical rules, utilize technologies and legal innovations to provide legal services more effectively and efficiently, prioritize client satisfaction, have a wide legal network for collaboration with legal experts and consultants, adapt to constant changes in the field of law, and prioritize the continuous education of our legal team as our Mission and Vision.<\/span><\/p>\n[\/vc_column_text][\/vc_column_inner][\/vc_row_inner][\/vc_column][\/vc_row]\n","protected":false},"excerpt":{"rendered":"<p>[vc_row type=&#8221;full_width_content&#8221; full_screen_row_position=&#8221;middle&#8221; column_margin=&#8221;default&#8221; column_direction=&#8221;default&#8221; column_direction_tablet=&#8221;default&#8221; column_direction_phone=&#8221;default&#8221; bg_color=&#8221;#010968&#8243; video_bg=&#8221;use_video&#8221; video_mp4=&#8221;https:\/\/nbbhukuk.com\/en\/wp-content\/uploads\/2023\/09\/about.mp4&#8243; background_video_loading=&#8221;default&#8221; scene_position=&#8221;top&#8221; layer_one_image=&#8221;5370&#8243; layer_one_strength=&#8221;0.3&#8243; layer_two_image=&#8221;5373&#8243; layer_two_strength=&#8221;0.4&#8243; top_padding=&#8221;17%&#8221; bottom_padding=&#8221;17%&#8221; text_color=&#8221;light&#8221; text_align=&#8221;left&#8221; row_border_radius=&#8221;none&#8221; row_border_radius_applies=&#8221;bg&#8221; overflow=&#8221;visible&#8221; overlay_strength=&#8221;0.3&#8243; gradient_direction=&#8221;left_to_right&#8221; shape_divider_position=&#8221;bottom&#8221; bg_image_animation=&#8221;none&#8221; gradient_type=&#8221;default&#8221; shape_type=&#8221;mountains&#8221;][vc_column column_padding=&#8221;no-extra-padding&#8221;&#8230;<\/p>\n","protected":false},"author":1,"featured_media":0,"parent":0,"menu_order":0,"comment_status":"open","ping_status":"open","template":"","meta":{"footnotes":""},"class_list":["post-5284","page","type-page","status-publish"],"_links":{"self":[{"href":"https:\/\/nbbhukuk.com\/en\/wp-json\/wp\/v2\/pages\/5284","targetHints":{"allow":["GET"]}}],"collection":[{"href":"https:\/\/nbbhukuk.com\/en\/wp-json\/wp\/v2\/pages"}],"about":[{"href":"https:\/\/nbbhukuk.com\/en\/wp-json\/wp\/v2\/types\/page"}],"author":[{"embeddable":true,"href":"https:\/\/nbbhukuk.com\/en\/wp-json\/wp\/v2\/users\/1"}],"replies":[{"embeddable":true,"href":"https:\/\/nbbhukuk.com\/en\/wp-json\/wp\/v2\/comments?post=5284"}],"version-history":[{"count":25,"href":"https:\/\/nbbhukuk.com\/en\/wp-json\/wp\/v2\/pages\/5284\/revisions"}],"predecessor-version":[{"id":7139,"href":"https:\/\/nbbhukuk.com\/en\/wp-json\/wp\/v2\/pages\/5284\/revisions\/7139"}],"wp:attachment":[{"href":"https:\/\/nbbhukuk.com\/en\/wp-json\/wp\/v2\/media?parent=5284"}],"curies":[{"name":"wp","href":"https:\/\/api.w.org\/{rel}","templated":true}]}}