{"id":6219,"date":"2023-09-12T06:57:12","date_gmt":"2023-09-12T06:57:12","guid":{"rendered":"https:\/\/demo.nbbhukuk.com\/?page_id=6219"},"modified":"2023-10-22T22:59:25","modified_gmt":"2023-10-22T22:59:25","slug":"contact","status":"publish","type":"page","link":"https:\/\/nbbhukuk.com\/en\/contact\/","title":{"rendered":"Contact"},"content":{"rendered":"[vc_row type=&#8221;full_width_content&#8221; full_screen_row_position=&#8221;middle&#8221; column_margin=&#8221;default&#8221; column_direction=&#8221;default&#8221; column_direction_tablet=&#8221;default&#8221; column_direction_phone=&#8221;default&#8221; bg_color=&#8221;#010968&#8243; video_bg=&#8221;use_video&#8221; video_mp4=&#8221;https:\/\/nbbhukuk.com\/en\/wp-content\/uploads\/2023\/09\/about.mp4&#8243; background_video_loading=&#8221;default&#8221; scene_position=&#8221;top&#8221; layer_one_image=&#8221;5370&#8243; layer_one_strength=&#8221;0.3&#8243; layer_two_image=&#8221;5373&#8243; layer_two_strength=&#8221;0.4&#8243; top_padding=&#8221;17%&#8221; bottom_padding=&#8221;17%&#8221; text_color=&#8221;light&#8221; text_align=&#8221;left&#8221; row_border_radius=&#8221;none&#8221; row_border_radius_applies=&#8221;bg&#8221; overflow=&#8221;visible&#8221; overlay_strength=&#8221;0.3&#8243; gradient_direction=&#8221;left_to_right&#8221; shape_divider_position=&#8221;bottom&#8221; bg_image_animation=&#8221;none&#8221; gradient_type=&#8221;default&#8221; shape_type=&#8221;mountains&#8221;][vc_column column_padding=&#8221;no-extra-padding&#8221; column_padding_tablet=&#8221;inherit&#8221; column_padding_phone=&#8221;inherit&#8221; column_padding_position=&#8221;all&#8221; column_element_direction_desktop=&#8221;default&#8221; column_element_spacing=&#8221;default&#8221; desktop_text_alignment=&#8221;default&#8221; tablet_text_alignment=&#8221;default&#8221; phone_text_alignment=&#8221;default&#8221; background_color_opacity=&#8221;1&#8243; background_hover_color_opacity=&#8221;1&#8243; column_backdrop_filter=&#8221;none&#8221; column_shadow=&#8221;none&#8221; column_border_radius=&#8221;none&#8221; column_link_target=&#8221;_self&#8221; column_position=&#8221;default&#8221; gradient_direction=&#8221;left_to_right&#8221; overlay_strength=&#8221;0.3&#8243; width=&#8221;1\/1&#8243; tablet_width_inherit=&#8221;default&#8221; animation_type=&#8221;default&#8221; bg_image_animation=&#8221;none&#8221; border_type=&#8221;simple&#8221; column_border_width=&#8221;none&#8221; column_border_style=&#8221;solid&#8221;][vc_column_text]\n<h1 style=\"text-align: center;\">Contact<\/h1>\n[\/vc_column_text][\/vc_column][\/vc_row][vc_row type=&#8221;full_width_content&#8221; full_screen_row_position=&#8221;middle&#8221; column_margin=&#8221;default&#8221; column_direction=&#8221;default&#8221; column_direction_tablet=&#8221;default&#8221; column_direction_phone=&#8221;default&#8221; scene_position=&#8221;center&#8221; text_color=&#8221;dark&#8221; text_align=&#8221;left&#8221; row_border_radius=&#8221;none&#8221; row_border_radius_applies=&#8221;bg&#8221; overflow=&#8221;visible&#8221; overlay_strength=&#8221;0.3&#8243; gradient_direction=&#8221;left_to_right&#8221; shape_divider_position=&#8221;bottom&#8221; bg_image_animation=&#8221;none&#8221; shape_type=&#8221;&#8221;][vc_column column_padding=&#8221;no-extra-padding&#8221; column_padding_tablet=&#8221;inherit&#8221; column_padding_phone=&#8221;inherit&#8221; column_padding_position=&#8221;all&#8221; column_element_direction_desktop=&#8221;default&#8221; column_element_spacing=&#8221;default&#8221; desktop_text_alignment=&#8221;default&#8221; tablet_text_alignment=&#8221;default&#8221; phone_text_alignment=&#8221;default&#8221; background_color_opacity=&#8221;1&#8243; background_hover_color_opacity=&#8221;1&#8243; column_backdrop_filter=&#8221;none&#8221; column_shadow=&#8221;none&#8221; column_border_radius=&#8221;none&#8221; column_link_target=&#8221;_self&#8221; column_position=&#8221;default&#8221; gradient_direction=&#8221;left_to_right&#8221; overlay_strength=&#8221;0.3&#8243; width=&#8221;1\/2&#8243; tablet_width_inherit=&#8221;default&#8221; animation_type=&#8221;default&#8221; bg_image_animation=&#8221;none&#8221; border_type=&#8221;simple&#8221; column_border_width=&#8221;none&#8221; column_border_style=&#8221;solid&#8221;][nectar_gmap map_type=&#8221;google&#8221; zoom=&#8221;20&#8243; enable_zoom=&#8221;1&#8243; marker_style=&#8221;nectar&#8221; nectar_marker_color=&#8221;accent-color&#8221; marker_image=&#8221;6954&#8243; size=&#8221;650&#8243; map_center_lat=&#8221;41.07889&#8243; map_center_lng=&#8221;29.01785&#8243; map_markers=&#8221;41.07889 |-29,01785| Lokasyonumuz&#8221;][\/vc_column][vc_column column_padding=&#8221;no-extra-padding&#8221; column_padding_tablet=&#8221;inherit&#8221; column_padding_phone=&#8221;inherit&#8221; column_padding_position=&#8221;all&#8221; translate_y=&#8221;227&#8243; translate_x=&#8221;215&#8243; column_element_direction_desktop=&#8221;default&#8221; column_element_spacing=&#8221;default&#8221; desktop_text_alignment=&#8221;default&#8221; tablet_text_alignment=&#8221;default&#8221; phone_text_alignment=&#8221;default&#8221; background_color_opacity=&#8221;1&#8243; background_hover_color_opacity=&#8221;1&#8243; column_backdrop_filter=&#8221;none&#8221; column_shadow=&#8221;none&#8221; column_border_radius=&#8221;none&#8221; column_link_target=&#8221;_self&#8221; column_position=&#8221;default&#8221; gradient_direction=&#8221;left_to_right&#8221; overlay_strength=&#8221;0.3&#8243; width=&#8221;1\/2&#8243; tablet_width_inherit=&#8221;default&#8221; animation_type=&#8221;default&#8221; bg_image_animation=&#8221;none&#8221; border_type=&#8221;simple&#8221; column_border_width=&#8221;none&#8221; column_border_style=&#8221;solid&#8221; column_padding_type=&#8221;default&#8221; gradient_type=&#8221;default&#8221;][nectar_rotating_words_title heading_tag=&#8221;h6&#8243; beginning_text=&#8221;CONTACT&#8221; duration=&#8221;1500&#8243; dynamic_heading_tag=&#8221;default&#8221; element_animation=&#8221;none&#8221; mobile_display=&#8221;inline&#8221;][vc_column_text]<span style=\"color: #333333;\">Levent Mah. Levent Cad. No:40 34330<\/span><br \/>\n<span style=\"color: #333333;\">Be\u015fikta\u015f, \u0130stanbul<\/span><\/p>\n<p><span style=\"color: #333333;\">T : +90 212 465 37 81<\/span><br \/>\n<span style=\"color: #333333;\">E :\u00a0<a style=\"color: #333333;\" href=\"mailto:info@nbbhukuk.com\">info@nbbhukuk.com<\/a><\/span><\/p>\n<p><a href=\"https:\/\/api.whatsapp.com\/send?text=https:\/\/tinyurl.com\/nbbhukukcom\"> Share Location on WhatsApp <\/a>[\/vc_column_text][\/vc_column][\/vc_row]\n","protected":false},"excerpt":{"rendered":"<p>[vc_row type=&#8221;full_width_content&#8221; full_screen_row_position=&#8221;middle&#8221; column_margin=&#8221;default&#8221; column_direction=&#8221;default&#8221; column_direction_tablet=&#8221;default&#8221; column_direction_phone=&#8221;default&#8221; bg_color=&#8221;#010968&#8243; video_bg=&#8221;use_video&#8221; video_mp4=&#8221;https:\/\/nbbhukuk.com\/en\/wp-content\/uploads\/2023\/09\/about.mp4&#8243; background_video_loading=&#8221;default&#8221; scene_position=&#8221;top&#8221; layer_one_image=&#8221;5370&#8243; layer_one_strength=&#8221;0.3&#8243; layer_two_image=&#8221;5373&#8243; layer_two_strength=&#8221;0.4&#8243; top_padding=&#8221;17%&#8221; bottom_padding=&#8221;17%&#8221; text_color=&#8221;light&#8221; text_align=&#8221;left&#8221; row_border_radius=&#8221;none&#8221; row_border_radius_applies=&#8221;bg&#8221; overflow=&#8221;visible&#8221; overlay_strength=&#8221;0.3&#8243; gradient_direction=&#8221;left_to_right&#8221; shape_divider_position=&#8221;bottom&#8221; bg_image_animation=&#8221;none&#8221; gradient_type=&#8221;default&#8221; shape_type=&#8221;mountains&#8221;][vc_column column_padding=&#8221;no-extra-padding&#8221;&#8230;<\/p>\n","protected":false},"author":1,"featured_media":0,"parent":0,"menu_order":0,"comment_status":"open","ping_status":"open","template":"","meta":{"footnotes":""},"class_list":["post-6219","page","type-page","status-publish"],"_links":{"self":[{"href":"https:\/\/nbbhukuk.com\/en\/wp-json\/wp\/v2\/pages\/6219","targetHints":{"allow":["GET"]}}],"collection":[{"href":"https:\/\/nbbhukuk.com\/en\/wp-json\/wp\/v2\/pages"}],"about":[{"href":"https:\/\/nbbhukuk.com\/en\/wp-json\/wp\/v2\/types\/page"}],"author":[{"embeddable":true,"href":"https:\/\/nbbhukuk.com\/en\/wp-json\/wp\/v2\/users\/1"}],"replies":[{"embeddable":true,"href":"https:\/\/nbbhukuk.com\/en\/wp-json\/wp\/v2\/comments?post=6219"}],"version-history":[{"count":18,"href":"https:\/\/nbbhukuk.com\/en\/wp-json\/wp\/v2\/pages\/6219\/revisions"}],"predecessor-version":[{"id":7171,"href":"https:\/\/nbbhukuk.com\/en\/wp-json\/wp\/v2\/pages\/6219\/revisions\/7171"}],"wp:attachment":[{"href":"https:\/\/nbbhukuk.com\/en\/wp-json\/wp\/v2\/media?parent=6219"}],"curies":[{"name":"wp","href":"https:\/\/api.w.org\/{rel}","templated":true}]}}